{"id":197,"date":"2023-11-27T09:35:53","date_gmt":"2023-11-27T08:35:53","guid":{"rendered":"http:\/\/atelier-faience-moustiers.com\/?page_id=197"},"modified":"2023-12-04T15:24:48","modified_gmt":"2023-12-04T14:24:48","slug":"nos-faiences","status":"publish","type":"page","link":"https:\/\/atelier-faience-moustiers.com\/index.php\/nos-faiences\/","title":{"rendered":"Nos fa\u00efences"},"content":{"rendered":"\t\t<div data-elementor-type=\"wp-page\" data-elementor-id=\"197\" class=\"elementor elementor-197\">\n\t\t\t\t<div class=\"elementor-element elementor-element-e5e452c e-flex e-con-boxed e-con e-parent\" data-id=\"e5e452c\" data-element_type=\"container\" data-e-type=\"container\">\n\t\t\t\t\t<div class=\"e-con-inner\">\n\t\t\t\t<div class=\"elementor-element elementor-element-9048562 elementor-widget elementor-widget-text-editor\" data-id=\"9048562\" data-element_type=\"widget\" data-e-type=\"widget\" data-widget_type=\"text-editor.default\">\n\t\t\t\t<div class=\"elementor-widget-container\">\n\t\t\t\t\t\t\t\t\t<p>Bienvenue dans notre galerie de d\u00e9cors, o\u00f9 l&rsquo;histoire et la cr\u00e9ativit\u00e9 fusionnent pour donner vie \u00e0 des pi\u00e8ces uniques. Plongez dans l&rsquo;h\u00e9ritage du 17e au 19e si\u00e8cle avec nos d\u00e9cors traditionnels, m\u00e9ticuleusement pr\u00e9serv\u00e9s pour capturer l&rsquo;essence m\u00eame de l&rsquo;artisanat d&rsquo;\u00e9poque.<\/p><p>D\u00e9couvrez \u00e9galement notre collection contemporaine, o\u00f9 l&rsquo;inspiration personnelle de notre atelier prend forme. Des cr\u00e9ations modernes impr\u00e9gn\u00e9es de passion et d&rsquo;innovation, chaque d\u00e9cor raconte une histoire unique, cr\u00e9\u00e9e sp\u00e9cialement pour enrichir votre quotidien.<\/p><p>Explorez cette page pour d\u00e9couvrir une palette diversifi\u00e9e de d\u00e9cors, une rencontre harmonieuse entre la tradition du pass\u00e9 et la cr\u00e9ativit\u00e9 du pr\u00e9sent. Chaque pi\u00e8ce incarne notre engagement envers l&rsquo;art, l&rsquo;histoire et l&rsquo;expression personnelle.<\/p>\t\t\t\t\t\t\t\t<\/div>\n\t\t\t\t<\/div>\n\t\t\t\t\t<\/div>\n\t\t\t\t<\/div>\n\t\t<div class=\"elementor-element elementor-element-33c684a e-flex e-con-boxed e-con e-parent\" data-id=\"33c684a\" data-element_type=\"container\" data-e-type=\"container\">\n\t\t\t\t\t<div class=\"e-con-inner\">\n\t\t<div class=\"elementor-element elementor-element-b45b740 e-con-full e-flex e-con e-child\" data-id=\"b45b740\" data-element_type=\"container\" data-e-type=\"container\">\n\t\t\t\t<div class=\"elementor-element elementor-element-2949ed9 elementor-widget elementor-widget-image\" data-id=\"2949ed9\" data-element_type=\"widget\" data-e-type=\"widget\" data-widget_type=\"image.default\">\n\t\t\t\t<div class=\"elementor-widget-container\">\n\t\t\t\t\t\t\t\t\t\t\t\t\t\t\t\t<a href=\"https:\/\/atelier-faience-moustiers.com\/index.php\/categorie-produit\/ois\/\">\n\t\t\t\t\t\t\t<img fetchpriority=\"high\" decoding=\"async\" width=\"300\" height=\"259\" src=\"https:\/\/atelier-faience-moustiers.com\/wp-content\/uploads\/2023\/12\/IMG_9782-Copie-300x259.jpg\" class=\"attachment-medium size-medium wp-image-296\" alt=\"oiseau chim\u00e8re moustiers polychrome\" srcset=\"https:\/\/atelier-faience-moustiers.com\/wp-content\/uploads\/2023\/12\/IMG_9782-Copie-300x259.jpg 300w, https:\/\/atelier-faience-moustiers.com\/wp-content\/uploads\/2023\/12\/IMG_9782-Copie.jpg 483w\" sizes=\"(max-width: 300px) 100vw, 300px\" \/>\t\t\t\t\t\t\t\t<\/a>\n\t\t\t\t\t\t\t\t\t\t\t\t\t\t\t<\/div>\n\t\t\t\t<\/div>\n\t\t\t\t<div class=\"elementor-element elementor-element-17d5d0a elementor-widget elementor-widget-heading\" data-id=\"17d5d0a\" data-element_type=\"widget\" data-e-type=\"widget\" data-widget_type=\"heading.default\">\n\t\t\t\t<div class=\"elementor-widget-container\">\n\t\t\t\t\t<h2 class=\"elementor-heading-title elementor-size-default\"><a href=\"https:\/\/atelier-faience-moustiers.com\/index.php\/categorie-produit\/ois\/\">Oiseau<\/a><\/h2>\t\t\t\t<\/div>\n\t\t\t\t<\/div>\n\t\t\t\t<\/div>\n\t\t<div class=\"elementor-element elementor-element-88b0001 e-con-full e-flex e-con e-child\" data-id=\"88b0001\" data-element_type=\"container\" data-e-type=\"container\">\n\t\t\t\t<div class=\"elementor-element elementor-element-8edb056 elementor-widget elementor-widget-image\" data-id=\"8edb056\" data-element_type=\"widget\" data-e-type=\"widget\" data-widget_type=\"image.default\">\n\t\t\t\t<div class=\"elementor-widget-container\">\n\t\t\t\t\t\t\t\t\t\t\t\t\t\t\t\t<a href=\"https:\/\/atelier-faience-moustiers.com\/index.php\/categorie-produit\/fdp\/\">\n\t\t\t\t\t\t\t<img decoding=\"async\" width=\"296\" height=\"300\" src=\"https:\/\/atelier-faience-moustiers.com\/wp-content\/uploads\/2023\/11\/IMG_9784-e1699539309182-296x300.jpg\" class=\"attachment-medium size-medium wp-image-156\" alt=\"Assiette fleur de pomme de terre tout bleu\" srcset=\"https:\/\/atelier-faience-moustiers.com\/wp-content\/uploads\/2023\/11\/IMG_9784-e1699539309182-296x300.jpg 296w, https:\/\/atelier-faience-moustiers.com\/wp-content\/uploads\/2023\/11\/IMG_9784-e1699539309182-100x100.jpg 100w, https:\/\/atelier-faience-moustiers.com\/wp-content\/uploads\/2023\/11\/IMG_9784-e1699539309182.jpg 519w\" sizes=\"(max-width: 296px) 100vw, 296px\" \/>\t\t\t\t\t\t\t\t<\/a>\n\t\t\t\t\t\t\t\t\t\t\t\t\t\t\t<\/div>\n\t\t\t\t<\/div>\n\t\t\t\t<div class=\"elementor-element elementor-element-132b486 elementor-widget elementor-widget-heading\" data-id=\"132b486\" data-element_type=\"widget\" data-e-type=\"widget\" data-widget_type=\"heading.default\">\n\t\t\t\t<div class=\"elementor-widget-container\">\n\t\t\t\t\t<h2 class=\"elementor-heading-title elementor-size-default\"><a href=\"https:\/\/atelier-faience-moustiers.com\/index.php\/categorie-produit\/fdp\/\">Fleur de pomme de terre<\/a><\/h2>\t\t\t\t<\/div>\n\t\t\t\t<\/div>\n\t\t\t\t<\/div>\n\t\t<div class=\"elementor-element elementor-element-b01c931 e-con-full e-flex e-con e-child\" data-id=\"b01c931\" data-element_type=\"container\" data-e-type=\"container\">\n\t\t\t\t<div class=\"elementor-element elementor-element-869833e elementor-widget elementor-widget-image\" data-id=\"869833e\" data-element_type=\"widget\" data-e-type=\"widget\" data-widget_type=\"image.default\">\n\t\t\t\t<div class=\"elementor-widget-container\">\n\t\t\t\t\t\t\t\t\t\t\t\t\t\t\t\t<a href=\"https:\/\/atelier-faience-moustiers.com\/index.php\/categorie-produit\/clt\/\">\n\t\t\t\t\t\t\t<img decoding=\"async\" width=\"300\" height=\"265\" src=\"https:\/\/atelier-faience-moustiers.com\/wp-content\/uploads\/2023\/11\/IMG_8693-scaled-e1699539523391-300x265.jpg\" class=\"attachment-medium size-medium wp-image-157\" alt=\"Coquelicot\" srcset=\"https:\/\/atelier-faience-moustiers.com\/wp-content\/uploads\/2023\/11\/IMG_8693-scaled-e1699539523391-300x265.jpg 300w, https:\/\/atelier-faience-moustiers.com\/wp-content\/uploads\/2023\/11\/IMG_8693-scaled-e1699539523391-600x530.jpg 600w, https:\/\/atelier-faience-moustiers.com\/wp-content\/uploads\/2023\/11\/IMG_8693-scaled-e1699539523391-1024x904.jpg 1024w, https:\/\/atelier-faience-moustiers.com\/wp-content\/uploads\/2023\/11\/IMG_8693-scaled-e1699539523391-768x678.jpg 768w, https:\/\/atelier-faience-moustiers.com\/wp-content\/uploads\/2023\/11\/IMG_8693-scaled-e1699539523391.jpg 1126w\" sizes=\"(max-width: 300px) 100vw, 300px\" \/>\t\t\t\t\t\t\t\t<\/a>\n\t\t\t\t\t\t\t\t\t\t\t\t\t\t\t<\/div>\n\t\t\t\t<\/div>\n\t\t\t\t<div class=\"elementor-element elementor-element-bc60413 elementor-widget elementor-widget-heading\" data-id=\"bc60413\" data-element_type=\"widget\" data-e-type=\"widget\" data-widget_type=\"heading.default\">\n\t\t\t\t<div class=\"elementor-widget-container\">\n\t\t\t\t\t<h2 class=\"elementor-heading-title elementor-size-default\"><a href=\"https:\/\/atelier-faience-moustiers.com\/index.php\/categorie-produit\/clt\/\">Coquelicot<\/a><\/h2>\t\t\t\t<\/div>\n\t\t\t\t<\/div>\n\t\t\t\t<\/div>\n\t\t<div class=\"elementor-element elementor-element-0f2e486 e-con-full e-flex e-con e-child\" data-id=\"0f2e486\" data-element_type=\"container\" data-e-type=\"container\">\n\t\t\t\t<div class=\"elementor-element elementor-element-704079e elementor-widget elementor-widget-image\" data-id=\"704079e\" data-element_type=\"widget\" data-e-type=\"widget\" data-widget_type=\"image.default\">\n\t\t\t\t<div class=\"elementor-widget-container\">\n\t\t\t\t\t\t\t\t\t\t\t\t\t\t\t\t<a href=\"https:\/\/atelier-faience-moustiers.com\/index.php\/categorie-produit\/rf\/\">\n\t\t\t\t\t\t\t<img loading=\"lazy\" decoding=\"async\" width=\"283\" height=\"300\" src=\"https:\/\/atelier-faience-moustiers.com\/wp-content\/uploads\/2023\/11\/thumbnail_Facetune_27-11-2023-10-31-59-283x300.jpg\" class=\"attachment-medium size-medium wp-image-214\" alt=\"Rose ferrat\" srcset=\"https:\/\/atelier-faience-moustiers.com\/wp-content\/uploads\/2023\/11\/thumbnail_Facetune_27-11-2023-10-31-59-283x300.jpg 283w, https:\/\/atelier-faience-moustiers.com\/wp-content\/uploads\/2023\/11\/thumbnail_Facetune_27-11-2023-10-31-59-600x637.jpg 600w, https:\/\/atelier-faience-moustiers.com\/wp-content\/uploads\/2023\/11\/thumbnail_Facetune_27-11-2023-10-31-59.jpg 732w\" sizes=\"(max-width: 283px) 100vw, 283px\" \/>\t\t\t\t\t\t\t\t<\/a>\n\t\t\t\t\t\t\t\t\t\t\t\t\t\t\t<\/div>\n\t\t\t\t<\/div>\n\t\t\t\t<div class=\"elementor-element elementor-element-b396af2 elementor-widget elementor-widget-heading\" data-id=\"b396af2\" data-element_type=\"widget\" data-e-type=\"widget\" data-widget_type=\"heading.default\">\n\t\t\t\t<div class=\"elementor-widget-container\">\n\t\t\t\t\t<h2 class=\"elementor-heading-title elementor-size-default\"><a href=\"https:\/\/atelier-faience-moustiers.com\/index.php\/categorie-produit\/rf\/\">Rose ferrat<\/a><\/h2>\t\t\t\t<\/div>\n\t\t\t\t<\/div>\n\t\t\t\t<\/div>\n\t\t\t\t\t<\/div>\n\t\t\t\t<\/div>\n\t\t<div class=\"elementor-element elementor-element-d0b4416 e-flex e-con-boxed e-con e-parent\" data-id=\"d0b4416\" data-element_type=\"container\" data-e-type=\"container\">\n\t\t\t\t\t<div class=\"e-con-inner\">\n\t\t\t\t<div class=\"elementor-element elementor-element-50b0859 elementor-widget elementor-widget-heading\" data-id=\"50b0859\" data-element_type=\"widget\" data-e-type=\"widget\" data-widget_type=\"heading.default\">\n\t\t\t\t<div class=\"elementor-widget-container\">\n\t\t\t\t\t<h2 class=\"elementor-heading-title elementor-size-medium\">Chaque pi\u00e8ce que nous cr\u00e9ons est une \u0153uvre unique, fa\u00e7onn\u00e9e \u00e0 la main avec amour. \nDans notre atelier, l'assurance que chaque d\u00e9cor est distinct garantit que vous poss\u00e9dez une pi\u00e8ce tout \u00e0 fait singuli\u00e8re, car aucune ne se ressemble.<\/h2>\t\t\t\t<\/div>\n\t\t\t\t<\/div>\n\t\t\t\t<div class=\"elementor-element elementor-element-1dad7ea elementor-widget elementor-widget-eael-woo-product-carousel\" data-id=\"1dad7ea\" data-element_type=\"widget\" data-e-type=\"widget\" data-widget_type=\"eael-woo-product-carousel.default\">\n\t\t\t\t<div class=\"elementor-widget-container\">\n\t\t\t\t\t\n        <div class=\"swiper-container-wrap eael-woo-product-carousel-container preset-2 swiper-container-wrap-dots-outside\" id=\"eael-product-carousel-1dad7ea\" data-widget-id=\"1dad7ea\" >\n            <div class=\"woocommerce eael-woo-product-carousel eael-product-appender-1dad7ea eael-hover-buttons swiper swiper-8 swiper-container-1dad7ea swiper-image-stretch\" data-pagination=\".swiper-pagination-1dad7ea\" data-arrow-next=\".swiper-button-next-1dad7ea\" data-arrow-prev=\".swiper-button-prev-1dad7ea\" data-type=\"preset-2\" data-effect=\"slide\" data-items=\"3\" data-slide-items=\"1\" data-margin=\"10\" data-speed=\"400\" data-autoplay=\"2000\" data-loop=\"1\" data-dots=\"1\"><div class=\"products swiper-wrapper\">    <div class=\"product swiper-slide post-240 type-product status-publish has-post-thumbnail product_cat-rf first instock shipping-taxable purchasable product-type-simple\">\n        <div class=\"eael-product-carousel \">\n            <div class=\"carousel-overlay \"><\/div>\n            <div class=\"product-image-wrap\">\n                <div class=\"image-wrap\">\n\t\t            <img decoding=\"async\" width=\"300\" height=\"300\" src=\"https:\/\/atelier-faience-moustiers.com\/wp-content\/uploads\/2023\/11\/IMG_4486-300x300.jpg\" class=\"attachment-medium size-medium\" alt=\"Vase rose ferrat\" loading=\"eager\" srcset=\"https:\/\/atelier-faience-moustiers.com\/wp-content\/uploads\/2023\/11\/IMG_4486-300x300.jpg 300w, https:\/\/atelier-faience-moustiers.com\/wp-content\/uploads\/2023\/11\/IMG_4486-150x150.jpg 150w, https:\/\/atelier-faience-moustiers.com\/wp-content\/uploads\/2023\/11\/IMG_4486-100x100.jpg 100w, https:\/\/atelier-faience-moustiers.com\/wp-content\/uploads\/2023\/11\/IMG_4486.jpg 600w, https:\/\/atelier-faience-moustiers.com\/wp-content\/uploads\/2023\/11\/IMG_4486-460x460.jpg 460w, https:\/\/atelier-faience-moustiers.com\/wp-content\/uploads\/2023\/11\/IMG_4486-360x360.jpg 360w\" sizes=\"(max-width: 300px) 100vw, 300px\" \/>                <\/div>\n                <div class=\"image-hover-wrap\">\n                    <ul class=\"icons-wrap box-style-list\">\n\t\t\t\t\t\t                            <li class=\"add-to-cart\"><a href=\"\/index.php\/wp-json\/wp\/v2\/pages\/197?add-to-cart=240\" aria-describedby=\"woocommerce_loop_add_to_cart_link_describedby_240\" data-quantity=\"1\" class=\"button product_type_simple add_to_cart_button ajax_add_to_cart\" data-product_id=\"240\" data-product_sku=\"vase-octogonal-rose\" aria-label=\"Ajouter au panier\u00a0: &ldquo;Vase octogonal rose&rdquo;\" rel=\"nofollow\" data-success_message=\"\u00ab\u00a0Vase octogonal rose\u00a0\u00bb a \u00e9t\u00e9 ajout\u00e9 \u00e0 votre panier\" role=\"button\">Ajouter au panier<\/a>\t<span id=\"woocommerce_loop_add_to_cart_link_describedby_240\" class=\"screen-reader-text\">\n\t\t\t<\/span>\n<\/li>\n                        \t\t\t                                        <li class=\"eael-product-quick-view\">\n                                <a id=\"eael_quick_view_69f535dca9649\" data-quickview-setting=\"{&quot;widget_id&quot;:&quot;1dad7ea&quot;,&quot;product_id&quot;:240,&quot;page_id&quot;:197}\"\n                                   class=\"open-popup-link\">\n                                    <i class=\"fas fa-eye\"><\/i>\n                                <\/a>\n                            <\/li>\n\t\t\t                                    <li class=\"view-details\" title=\"Details\"><a href=\"https:\/\/atelier-faience-moustiers.com\/index.php\/produit\/vase-octogonal-rose\/\"><i class=\"fas fa-link\"><\/i><\/a><\/li>\n                    <\/ul>\n                <\/div>\n            <\/div>\n            <div class=\"product-overlay-content\">\n                <div class=\"product-details-wrap\">\n                    <div class=\"eael-product-title-wrap\">\n\t                    <div class=\"eael-product-title\"><h2>Vase octogonal rose<\/h2><\/div><div class=\"eael-star-rating\"><div class=\"eael-star-rating star-rating\"><span style=\"width:0%\">Note <strong class=\"rating\">0<\/strong> sur 5<\/span><\/div><\/div>                    <\/div>\n\t\t            <div class=\"eael-product-price\"><span class=\"woocommerce-Price-amount amount\"><bdi>80,00&nbsp;<span class=\"woocommerce-Price-currencySymbol\">&euro;<\/span><\/bdi><\/span><\/div>                <\/div>\n            <\/div>\n        <\/div>\n\t<\/div>\n        <div class=\"product swiper-slide post-153 type-product status-publish has-post-thumbnail product_cat-fdp  instock purchasable product-type-simple\">\n        <div class=\"eael-product-carousel \">\n            <div class=\"carousel-overlay \"><\/div>\n            <div class=\"product-image-wrap\">\n                <div class=\"image-wrap\">\n\t\t            <img decoding=\"async\" width=\"213\" height=\"300\" src=\"https:\/\/atelier-faience-moustiers.com\/wp-content\/uploads\/2023\/11\/IMG_8480-213x300.jpg\" class=\"attachment-medium size-medium\" alt=\"encrier commode fleur de pomme de terre\" loading=\"eager\" srcset=\"https:\/\/atelier-faience-moustiers.com\/wp-content\/uploads\/2023\/11\/IMG_8480-213x300.jpg 213w, https:\/\/atelier-faience-moustiers.com\/wp-content\/uploads\/2023\/11\/IMG_8480-600x843.jpg 600w, https:\/\/atelier-faience-moustiers.com\/wp-content\/uploads\/2023\/11\/IMG_8480-728x1024.jpg 728w, https:\/\/atelier-faience-moustiers.com\/wp-content\/uploads\/2023\/11\/IMG_8480-768x1080.jpg 768w, https:\/\/atelier-faience-moustiers.com\/wp-content\/uploads\/2023\/11\/IMG_8480-1093x1536.jpg 1093w, https:\/\/atelier-faience-moustiers.com\/wp-content\/uploads\/2023\/11\/IMG_8480.jpg 1242w\" sizes=\"(max-width: 213px) 100vw, 213px\" \/>                <\/div>\n                <div class=\"image-hover-wrap\">\n                    <ul class=\"icons-wrap box-style-list\">\n\t\t\t\t\t\t                            <li class=\"add-to-cart\"><a href=\"\/index.php\/wp-json\/wp\/v2\/pages\/197?add-to-cart=153\" aria-describedby=\"woocommerce_loop_add_to_cart_link_describedby_153\" data-quantity=\"1\" class=\"button product_type_simple add_to_cart_button ajax_add_to_cart\" data-product_id=\"153\" data-product_sku=\"encrier-commode\" aria-label=\"Ajouter au panier\u00a0: &ldquo;Encrier commode&rdquo;\" rel=\"nofollow\" data-success_message=\"\u00ab\u00a0Encrier commode\u00a0\u00bb a \u00e9t\u00e9 ajout\u00e9 \u00e0 votre panier\" role=\"button\">Ajouter au panier<\/a>\t<span id=\"woocommerce_loop_add_to_cart_link_describedby_153\" class=\"screen-reader-text\">\n\t\t\t<\/span>\n<\/li>\n                        \t\t\t                                        <li class=\"eael-product-quick-view\">\n                                <a id=\"eael_quick_view_69f535dcaa334\" data-quickview-setting=\"{&quot;widget_id&quot;:&quot;1dad7ea&quot;,&quot;product_id&quot;:153,&quot;page_id&quot;:197}\"\n                                   class=\"open-popup-link\">\n                                    <i class=\"fas fa-eye\"><\/i>\n                                <\/a>\n                            <\/li>\n\t\t\t                                    <li class=\"view-details\" title=\"Details\"><a href=\"https:\/\/atelier-faience-moustiers.com\/index.php\/produit\/encrier-commode\/\"><i class=\"fas fa-link\"><\/i><\/a><\/li>\n                    <\/ul>\n                <\/div>\n            <\/div>\n            <div class=\"product-overlay-content\">\n                <div class=\"product-details-wrap\">\n                    <div class=\"eael-product-title-wrap\">\n\t                    <div class=\"eael-product-title\"><h2>Encrier commode<\/h2><\/div><div class=\"eael-star-rating\"><div class=\"eael-star-rating star-rating\"><span style=\"width:0%\">Note <strong class=\"rating\">0<\/strong> sur 5<\/span><\/div><\/div>                    <\/div>\n\t\t            <div class=\"eael-product-price\"><span class=\"woocommerce-Price-amount amount\"><bdi>91,00&nbsp;<span class=\"woocommerce-Price-currencySymbol\">&euro;<\/span><\/bdi><\/span><\/div>                <\/div>\n            <\/div>\n        <\/div>\n\t<\/div>\n    <\/div><\/div>            <!-- Add Pagination -->\n            <div class=\"swiper-pagination swiper-pagination-1dad7ea dots-preset-1\"><\/div>\n                <\/div>\n        \t\t\t\t<\/div>\n\t\t\t\t<\/div>\n\t\t\t\t\t<\/div>\n\t\t\t\t<\/div>\n\t\t\t\t<\/div>\n\t\t","protected":false},"excerpt":{"rendered":"<p>Bienvenue dans notre galerie de d\u00e9cors, o\u00f9 l&rsquo;histoire et la cr\u00e9ativit\u00e9 fusionnent pour donner vie \u00e0 des pi\u00e8ces uniques. Plongez dans l&rsquo;h\u00e9ritage du 17e au 19e si\u00e8cle avec nos d\u00e9cors traditionnels, m\u00e9ticuleusement pr\u00e9serv\u00e9s pour capturer l&rsquo;essence m\u00eame de l&rsquo;artisanat d&rsquo;\u00e9poque. &hellip; <a class=\"kt-excerpt-readmore more-link\" href=\"https:\/\/atelier-faience-moustiers.com\/index.php\/produit\/encrier-commode\/\">Read More<\/a><\/p>\n","protected":false},"author":1,"featured_media":0,"parent":0,"menu_order":0,"comment_status":"closed","ping_status":"closed","template":"","meta":{"footnotes":""},"class_list":["post-197","page","type-page","status-publish","hentry"],"jetpack_sharing_enabled":true,"_links":{"self":[{"href":"https:\/\/atelier-faience-moustiers.com\/index.php\/wp-json\/wp\/v2\/pages\/197","targetHints":{"allow":["GET"]}}],"collection":[{"href":"https:\/\/atelier-faience-moustiers.com\/index.php\/wp-json\/wp\/v2\/pages"}],"about":[{"href":"https:\/\/atelier-faience-moustiers.com\/index.php\/wp-json\/wp\/v2\/types\/page"}],"author":[{"embeddable":true,"href":"https:\/\/atelier-faience-moustiers.com\/index.php\/wp-json\/wp\/v2\/users\/1"}],"replies":[{"embeddable":true,"href":"https:\/\/atelier-faience-moustiers.com\/index.php\/wp-json\/wp\/v2\/comments?post=197"}],"version-history":[{"count":46,"href":"https:\/\/atelier-faience-moustiers.com\/index.php\/wp-json\/wp\/v2\/pages\/197\/revisions"}],"predecessor-version":[{"id":348,"href":"https:\/\/atelier-faience-moustiers.com\/index.php\/wp-json\/wp\/v2\/pages\/197\/revisions\/348"}],"wp:attachment":[{"href":"https:\/\/atelier-faience-moustiers.com\/index.php\/wp-json\/wp\/v2\/media?parent=197"}],"curies":[{"name":"wp","href":"https:\/\/api.w.org\/{rel}","templated":true}]}}