{"id":240,"date":"2023-11-27T12:25:15","date_gmt":"2023-11-27T11:25:15","guid":{"rendered":"https:\/\/atelier-faience-moustiers.com\/?post_type=product&#038;p=240"},"modified":"2023-11-27T12:30:15","modified_gmt":"2023-11-27T11:30:15","slug":"vase-octogonal-rose","status":"publish","type":"product","link":"https:\/\/atelier-faience-moustiers.com\/index.php\/produit\/vase-octogonal-rose\/","title":{"rendered":"Vase octogonal rose"},"content":{"rendered":"\n<p>Vase octogonal avec un d\u00e9cors Rose Ferrat datatnt de la fin du XVIII\u00e8me si\u00e8cle.<\/p>\n","protected":false},"excerpt":{"rendered":"<p>Jolie vase \u00e0  la rose ferrat&hellip; <a class=\"kt-excerpt-readmore more-link\" href=\"https:\/\/atelier-faience-moustiers.com\/index.php\/produit\/vase-octogonal-rose\/\">Read More<\/a><\/p>\n","protected":false},"featured_media":242,"template":"","meta":[],"product_brand":[],"product_cat":[15],"product_tag":[],"class_list":{"0":"post-240","1":"product","2":"type-product","3":"status-publish","4":"has-post-thumbnail","6":"product_cat-rf","8":"first","9":"instock","10":"shipping-taxable","11":"purchasable","12":"product-type-simple"},"jetpack_sharing_enabled":true,"_links":{"self":[{"href":"https:\/\/atelier-faience-moustiers.com\/index.php\/wp-json\/wp\/v2\/product\/240","targetHints":{"allow":["GET"]}}],"collection":[{"href":"https:\/\/atelier-faience-moustiers.com\/index.php\/wp-json\/wp\/v2\/product"}],"about":[{"href":"https:\/\/atelier-faience-moustiers.com\/index.php\/wp-json\/wp\/v2\/types\/product"}],"wp:featuredmedia":[{"embeddable":true,"href":"https:\/\/atelier-faience-moustiers.com\/index.php\/wp-json\/wp\/v2\/media\/242"}],"wp:attachment":[{"href":"https:\/\/atelier-faience-moustiers.com\/index.php\/wp-json\/wp\/v2\/media?parent=240"}],"wp:term":[{"taxonomy":"product_brand","embeddable":true,"href":"https:\/\/atelier-faience-moustiers.com\/index.php\/wp-json\/wp\/v2\/product_brand?post=240"},{"taxonomy":"product_cat","embeddable":true,"href":"https:\/\/atelier-faience-moustiers.com\/index.php\/wp-json\/wp\/v2\/product_cat?post=240"},{"taxonomy":"product_tag","embeddable":true,"href":"https:\/\/atelier-faience-moustiers.com\/index.php\/wp-json\/wp\/v2\/product_tag?post=240"}],"curies":[{"name":"wp","href":"https:\/\/api.w.org\/{rel}","templated":true}]}}